{"id":17,"date":"2024-01-16T17:38:20","date_gmt":"2024-01-16T16:38:20","guid":{"rendered":"https:\/\/mariasalvador.net\/?page_id=17"},"modified":"2024-04-06T21:18:08","modified_gmt":"2024-04-06T19:18:08","slug":"poetry","status":"publish","type":"page","link":"https:\/\/mariasalvador.net\/?page_id=17","title":{"rendered":"Poetry"},"content":{"rendered":"\n<div class=\"wp-block-columns alignwide is-layout-flex wp-container-core-columns-is-layout-28f84493 wp-block-columns-is-layout-flex\">\n<div class=\"wp-block-column is-layout-flow wp-block-column-is-layout-flow\" style=\"padding-right:var(--wp--preset--spacing--20);padding-left:var(--wp--preset--spacing--20);flex-basis:66.66%\">\n<h2 class=\"wp-block-heading\">Publications<\/h2>\n\n\n\n<h3 class=\"wp-block-heading\">Books<\/h3>\n\n\n\n<p class=\"my-book-title\"><em>El origen de la simetr\u00eda<\/em>&nbsp;(Icaria Editorial, Barcelona, 2007).<\/p>\n\n\n\n<p class=\"my-book-title\"><a href=\"https:\/\/lagaruapoesia.com\/project\/poema-bajo-continuo\/\" target=\"_blank\" rel=\"noreferrer noopener\"><em>Poema del bajo continuo<\/em><\/a>&nbsp;(La Gar\u00faa, Barcelona, 2021).<\/p>\n\n\n\n<h6 class=\"wp-block-heading\">&nbsp;<\/h6>\n\n\n\n<h3 class=\"wp-block-heading\">Poetry Anthologies<\/h3>\n\n\n\n<div class=\"wp-block-columns is-layout-flex wp-container-core-columns-is-layout-28f84493 wp-block-columns-is-layout-flex\">\n<div class=\"wp-block-column is-layout-flow wp-block-column-is-layout-flow\" style=\"flex-basis:15%\">\n<p>2015<\/p>\n<\/div>\n\n\n\n<div class=\"wp-block-column is-layout-flow wp-block-column-is-layout-flow\" style=\"flex-basis:85%\">\n<p>Jos\u00e9 Mart\u00edn de Vayas (ed.),&nbsp;Todo es poes\u00eda en Granada&nbsp;(Esdr\u00fajula Ediciones).<\/p>\n\n\n\n<p>Nieves Chill\u00f3n (selection),&nbsp;<em>Pero yo vuelo: antolog\u00eda de la m\u00e1s joven poes\u00eda en Granada<\/em>&nbsp;(Ediciones En Hu\u00edda).<\/p>\n<\/div>\n<\/div>\n\n\n\n<div class=\"wp-block-columns is-layout-flex wp-container-core-columns-is-layout-28f84493 wp-block-columns-is-layout-flex\">\n<div class=\"wp-block-column is-layout-flow wp-block-column-is-layout-flow\" style=\"flex-basis:15%\">\n<p>2012<\/p>\n<\/div>\n\n\n\n<div class=\"wp-block-column is-layout-flow wp-block-column-is-layout-flow\" style=\"flex-basis:85%\">\n<p>Ana Alvea S\u00e1nchez and Jorge D\u00eda Mart\u00ednez (ed.),&nbsp;<em>La vida por delante: antolog\u00eda de j\u00f3venes poetas andaluces<\/em>&nbsp;(Ediciones en Hu\u00edda).<\/p>\n<\/div>\n<\/div>\n\n\n\n<div class=\"wp-block-columns is-layout-flex wp-container-core-columns-is-layout-28f84493 wp-block-columns-is-layout-flex\">\n<div class=\"wp-block-column is-layout-flow wp-block-column-is-layout-flow\" style=\"flex-basis:15%\">\n<p>2011<\/p>\n<\/div>\n\n\n\n<div class=\"wp-block-column is-layout-flow wp-block-column-is-layout-flow\" style=\"flex-basis:85%\">\n<p class=\"book-title\">Luna Miguel (ed.),&nbsp;<em>Ten\u00edan veinte a\u00f1os y estaban locos<\/em>&nbsp;(La Bella Varsovia).<\/p>\n\n\n\n<p class=\"book-title\">Bego\u00f1a Callej\u00f3n (ed.),&nbsp;<em>Ida y vuelta: antolog\u00eda po\u00e9tica sobre el viaje<\/em>&nbsp;(Fin de Viaje Ediciones).<\/p>\n<\/div>\n<\/div>\n\n\n\n<div class=\"wp-block-columns is-layout-flex wp-container-core-columns-is-layout-28f84493 wp-block-columns-is-layout-flex\">\n<div class=\"wp-block-column is-layout-flow wp-block-column-is-layout-flow\" style=\"flex-basis:15%\">\n<p>2010<\/p>\n<\/div>\n\n\n\n<div class=\"wp-block-column is-layout-flow wp-block-column-is-layout-flow\" style=\"flex-basis:85%\">\n<p>Julio C\u00e9sar Jim\u00e9nez (ed.)&nbsp;<em>Y para qu\u00e9 + poetas: herederos y precursores<\/em>&nbsp;(Centro Andaluz de las Letras).<\/p>\n<\/div>\n<\/div>\n\n\n\n<div class=\"wp-block-columns is-layout-flex wp-container-core-columns-is-layout-28f84493 wp-block-columns-is-layout-flex\">\n<div class=\"wp-block-column is-layout-flow wp-block-column-is-layout-flow\" style=\"flex-basis:15%\">\n<p>2009<\/p>\n<\/div>\n\n\n\n<div class=\"wp-block-column is-layout-flow wp-block-column-is-layout-flow\" style=\"flex-basis:85%\">\n<p>Julio C\u00e9sar Jim\u00e9nez (selection),&nbsp;<em>Antolog\u00eda del Beso: poes\u00eda \u00faltima espa\u00f1ola<\/em>&nbsp;(Mitad Doble Ediciones).<\/p>\n\n\n\n<p>Meri Torras (ed.),&nbsp;<em>El poder del cuerpo: antolog\u00eda de la poes\u00eda femenina contempor\u00e1nea<\/em>&nbsp;(Castalia Ediciones).<\/p>\n<\/div>\n<\/div>\n<\/div>\n\n\n\n<div class=\"wp-block-column is-layout-flow wp-block-column-is-layout-flow\" style=\"flex-basis:33.33%\">\n<figure class=\"wp-block-gallery alignright has-nested-images columns-default is-cropped wp-block-gallery-1 is-layout-flex wp-block-gallery-is-layout-flex\">\n<figure class=\"wp-block-image size-full my-book-cover\"><img loading=\"lazy\" decoding=\"async\" width=\"264\" height=\"466\" data-id=\"18\" src=\"https:\/\/mariasalvador.net\/wp-content\/uploads\/2024\/01\/image.png\" alt=\"Poema del bajo continuo book cover\" class=\"wp-image-18\" style=\"object-fit:cover\" srcset=\"https:\/\/mariasalvador.net\/wp-content\/uploads\/2024\/01\/image.png 264w, https:\/\/mariasalvador.net\/wp-content\/uploads\/2024\/01\/image-170x300.png 170w\" sizes=\"auto, (max-width: 264px) 100vw, 264px\" \/><\/figure>\n<\/figure>\n<\/div>\n<\/div>\n","protected":false},"excerpt":{"rendered":"<p>Publications Books El origen de la simetr\u00eda&nbsp;(Icaria Editorial, Barcelona, 2007). Poema del bajo continuo&nbsp;(La Gar\u00faa, Barcelona, 2021). &nbsp; Poetry Anthologies 2015 Jos\u00e9 Mart\u00edn de Vayas (ed.),&nbsp;Todo es poes\u00eda en Granada&nbsp;(Esdr\u00fajula Ediciones). Nieves Chill\u00f3n (selection),&nbsp;Pero yo vuelo: antolog\u00eda de la m\u00e1s joven poes\u00eda en Granada&nbsp;(Ediciones En Hu\u00edda). 2012 Ana Alvea S\u00e1nchez and Jorge D\u00eda Mart\u00ednez (ed.),&nbsp;La [&hellip;]<\/p>\n","protected":false},"author":1,"featured_media":0,"parent":0,"menu_order":0,"comment_status":"closed","ping_status":"closed","template":"","meta":{"footnotes":""},"class_list":["post-17","page","type-page","status-publish","hentry"],"_links":{"self":[{"href":"https:\/\/mariasalvador.net\/index.php?rest_route=\/wp\/v2\/pages\/17","targetHints":{"allow":["GET"]}}],"collection":[{"href":"https:\/\/mariasalvador.net\/index.php?rest_route=\/wp\/v2\/pages"}],"about":[{"href":"https:\/\/mariasalvador.net\/index.php?rest_route=\/wp\/v2\/types\/page"}],"author":[{"embeddable":true,"href":"https:\/\/mariasalvador.net\/index.php?rest_route=\/wp\/v2\/users\/1"}],"replies":[{"embeddable":true,"href":"https:\/\/mariasalvador.net\/index.php?rest_route=%2Fwp%2Fv2%2Fcomments&post=17"}],"version-history":[{"count":2,"href":"https:\/\/mariasalvador.net\/index.php?rest_route=\/wp\/v2\/pages\/17\/revisions"}],"predecessor-version":[{"id":81,"href":"https:\/\/mariasalvador.net\/index.php?rest_route=\/wp\/v2\/pages\/17\/revisions\/81"}],"wp:attachment":[{"href":"https:\/\/mariasalvador.net\/index.php?rest_route=%2Fwp%2Fv2%2Fmedia&parent=17"}],"curies":[{"name":"wp","href":"https:\/\/api.w.org\/{rel}","templated":true}]}}